{"id":1386,"date":"2023-09-13T15:40:32","date_gmt":"2023-09-13T15:40:32","guid":{"rendered":"https:\/\/incontromx.com\/?page_id=1386"},"modified":"2023-09-14T16:55:03","modified_gmt":"2023-09-14T16:55:03","slug":"account","status":"publish","type":"page","link":"https:\/\/incontromx.com\/en\/cuenta\/","title":{"rendered":"Account"},"content":{"rendered":"<div data-elementor-type=\"wp-page\" data-elementor-id=\"1386\" class=\"elementor elementor-1386\" data-elementor-settings=\"{&quot;ha_cmc_init_switcher&quot;:&quot;no&quot;}\" data-elementor-post-type=\"page\">\n\t\t\t\t<section class=\"elementor-element elementor-element-5d53fe6 e-con-full e-flex e-con e-parent\" data-id=\"5d53fe6\" data-element_type=\"container\" data-e-type=\"container\" data-settings=\"{&quot;background_background&quot;:&quot;classic&quot;,&quot;_ha_eqh_enable&quot;:false}\">\n\t\t<div class=\"elementor-element elementor-element-b1661a4 e-con-full e-flex e-con e-parent\" data-id=\"b1661a4\" data-element_type=\"container\" data-e-type=\"container\" data-settings=\"{&quot;_ha_eqh_enable&quot;:false}\">\n\t\t\t\t<div class=\"elementor-element elementor-element-a1acc38 elementor-widget elementor-widget-heading\" data-id=\"a1acc38\" data-element_type=\"widget\" data-e-type=\"widget\" data-widget_type=\"heading.default\">\n\t\t\t\t<div class=\"elementor-widget-container\">\n\t\t\t\t\t<h1 class=\"elementor-heading-title elementor-size-default\">My account<\/h1>\t\t\t\t<\/div>\n\t\t\t\t<\/div>\n\t\t\t\t<\/div>\n\t\t\t\t<\/section>\n\t\t<section class=\"elementor-element elementor-element-dfc2571 e-con-full e-flex e-con e-parent\" data-id=\"dfc2571\" data-element_type=\"container\" data-e-type=\"container\" data-settings=\"{&quot;_ha_eqh_enable&quot;:false}\">\n\t\t<div class=\"elementor-element elementor-element-af4f3d9 e-con-full e-flex e-con e-parent\" data-id=\"af4f3d9\" data-element_type=\"container\" data-e-type=\"container\" data-settings=\"{&quot;_ha_eqh_enable&quot;:false}\">\n\t\t\t\t<div class=\"elementor-element elementor-element-9b45bea e-my-account-tabs-horizontal elementor-widget elementor-widget-woocommerce-my-account\" data-id=\"9b45bea\" data-element_type=\"widget\" data-e-type=\"widget\" data-settings=\"{&quot;customize_dashboard_check&quot;:&quot;yes&quot;}\" data-widget_type=\"woocommerce-my-account.default\">\n\t\t\t\t<div class=\"elementor-widget-container\">\n\t\t\t\t\t<div class=\"e-my-account-tab e-my-account-tab__\">\t\t\t<div class=\"woocommerce\"><\/div>\t\t<\/div>\n\t\t\t\t\t\t<\/div>\n\t\t\t\t<\/div>\n\t\t\t\t<\/div>\n\t\t\t\t<\/section>\n\t\t\t\t<\/div>","protected":false},"excerpt":{"rendered":"<p>Mi cuenta Dashboard Pedidos Downloads Direcciones Cuenta Cerrar sesi\u00f3n Dashboard Pedidos Downloads Direcciones Cuenta Cerrar sesi\u00f3n Dashboard Pedidos Downloads Direcciones Cuenta Cerrar sesi\u00f3n Dashboard Pedidos Downloads Direcciones Cuenta Cerrar sesi\u00f3n Hola prueba.prueba.incontromx.com (\u00bfno eres prueba.prueba.incontromx.com? Cerrar sesi\u00f3n) Desde el panel de control de tu cuenta puedes ver tus pedidos recientes, gestionar tus direcciones de env\u00edo [&hellip;]<\/p>\n","protected":false},"author":1,"featured_media":0,"parent":0,"menu_order":0,"comment_status":"closed","ping_status":"closed","template":"","meta":{"site-sidebar-layout":"no-sidebar","site-content-layout":"page-builder","ast-site-content-layout":"default","site-content-style":"default","site-sidebar-style":"default","ast-global-header-display":"","ast-banner-title-visibility":"","ast-main-header-display":"","ast-hfb-above-header-display":"","ast-hfb-below-header-display":"","ast-hfb-mobile-header-display":"","site-post-title":"disabled","ast-breadcrumbs-content":"","ast-featured-img":"disabled","footer-sml-layout":"","ast-disable-related-posts":"","theme-transparent-header-meta":"default","adv-header-id-meta":"","stick-header-meta":"","header-above-stick-meta":"","header-main-stick-meta":"","header-below-stick-meta":"","astra-migrate-meta-layouts":"default","ast-page-background-enabled":"default","ast-page-background-meta":{"desktop":{"background-color":"var(--ast-global-color-4)","background-image":"","background-repeat":"repeat","background-position":"center center","background-size":"auto","background-attachment":"scroll","background-type":"","background-media":"","overlay-type":"","overlay-color":"","overlay-opacity":"","overlay-gradient":""},"tablet":{"background-color":"","background-image":"","background-repeat":"repeat","background-position":"center center","background-size":"auto","background-attachment":"scroll","background-type":"","background-media":"","overlay-type":"","overlay-color":"","overlay-opacity":"","overlay-gradient":""},"mobile":{"background-color":"","background-image":"","background-repeat":"repeat","background-position":"center center","background-size":"auto","background-attachment":"scroll","background-type":"","background-media":"","overlay-type":"","overlay-color":"","overlay-opacity":"","overlay-gradient":""}},"ast-content-background-meta":{"desktop":{"background-color":"var(--ast-global-color-5)","background-image":"","background-repeat":"repeat","background-position":"center center","background-size":"auto","background-attachment":"scroll","background-type":"","background-media":"","overlay-type":"","overlay-color":"","overlay-opacity":"","overlay-gradient":""},"tablet":{"background-color":"var(--ast-global-color-5)","background-image":"","background-repeat":"repeat","background-position":"center center","background-size":"auto","background-attachment":"scroll","background-type":"","background-media":"","overlay-type":"","overlay-color":"","overlay-opacity":"","overlay-gradient":""},"mobile":{"background-color":"var(--ast-global-color-5)","background-image":"","background-repeat":"repeat","background-position":"center center","background-size":"auto","background-attachment":"scroll","background-type":"","background-media":"","overlay-type":"","overlay-color":"","overlay-opacity":"","overlay-gradient":""}},"footnotes":""},"class_list":["post-1386","page","type-page","status-publish","hentry"],"yoast_head":"<!-- This site is optimized with the Yoast SEO plugin v27.5 - https:\/\/yoast.com\/product\/yoast-seo-wordpress\/ -->\n<title>Cuenta | Incontro<\/title>\n<meta name=\"robots\" content=\"index, follow, max-snippet:-1, max-image-preview:large, max-video-preview:-1\" \/>\n<link rel=\"canonical\" href=\"https:\/\/incontromx.com\/en\/account\/\" \/>\n<meta property=\"og:locale\" content=\"en_US\" \/>\n<meta property=\"og:type\" content=\"article\" \/>\n<meta property=\"og:title\" content=\"Cuenta | Incontro\" \/>\n<meta property=\"og:description\" content=\"Mi cuenta Dashboard Pedidos Downloads Direcciones Cuenta Cerrar sesi\u00f3n Dashboard Pedidos Downloads Direcciones Cuenta Cerrar sesi\u00f3n Dashboard Pedidos Downloads Direcciones Cuenta Cerrar sesi\u00f3n Dashboard Pedidos Downloads Direcciones Cuenta Cerrar sesi\u00f3n Hola prueba.prueba.incontromx.com (\u00bfno eres prueba.prueba.incontromx.com? Cerrar sesi\u00f3n) Desde el panel de control de tu cuenta puedes ver tus pedidos recientes, gestionar tus direcciones de env\u00edo [&hellip;]\" \/>\n<meta property=\"og:url\" content=\"https:\/\/incontromx.com\/en\/account\/\" \/>\n<meta property=\"og:site_name\" content=\"Incontro\" \/>\n<meta property=\"article:modified_time\" content=\"2023-09-14T16:55:03+00:00\" \/>\n<meta name=\"twitter:card\" content=\"summary_large_image\" \/>\n<meta name=\"twitter:label1\" content=\"Est. reading time\" \/>\n\t<meta name=\"twitter:data1\" content=\"1 minute\" \/>\n<script type=\"application\/ld+json\" class=\"yoast-schema-graph\">{\"@context\":\"https:\\\/\\\/schema.org\",\"@graph\":[{\"@type\":\"WebPage\",\"@id\":\"https:\\\/\\\/incontromx.com\\\/cuenta\\\/\",\"url\":\"https:\\\/\\\/incontromx.com\\\/cuenta\\\/\",\"name\":\"Cuenta | Incontro\",\"isPartOf\":{\"@id\":\"https:\\\/\\\/incontromx.com\\\/#website\"},\"datePublished\":\"2023-09-13T15:40:32+00:00\",\"dateModified\":\"2023-09-14T16:55:03+00:00\",\"breadcrumb\":{\"@id\":\"https:\\\/\\\/incontromx.com\\\/cuenta\\\/#breadcrumb\"},\"inLanguage\":\"en-US\",\"potentialAction\":[{\"@type\":\"ReadAction\",\"target\":[\"https:\\\/\\\/incontromx.com\\\/cuenta\\\/\"]}]},{\"@type\":\"BreadcrumbList\",\"@id\":\"https:\\\/\\\/incontromx.com\\\/cuenta\\\/#breadcrumb\",\"itemListElement\":[{\"@type\":\"ListItem\",\"position\":1,\"name\":\"Inicio\",\"item\":\"https:\\\/\\\/incontromx.com\\\/\"},{\"@type\":\"ListItem\",\"position\":2,\"name\":\"Cuenta\"}]},{\"@type\":\"WebSite\",\"@id\":\"https:\\\/\\\/incontromx.com\\\/#website\",\"url\":\"https:\\\/\\\/incontromx.com\\\/\",\"name\":\"Incontro\",\"description\":\"\",\"potentialAction\":[{\"@type\":\"SearchAction\",\"target\":{\"@type\":\"EntryPoint\",\"urlTemplate\":\"https:\\\/\\\/incontromx.com\\\/?s={search_term_string}\"},\"query-input\":{\"@type\":\"PropertyValueSpecification\",\"valueRequired\":true,\"valueName\":\"search_term_string\"}}],\"inLanguage\":\"en-US\"}]}<\/script>\n<!-- \/ Yoast SEO plugin. -->","yoast_head_json":{"title":"Account | Incontro","robots":{"index":"index","follow":"follow","max-snippet":"max-snippet:-1","max-image-preview":"max-image-preview:large","max-video-preview":"max-video-preview:-1"},"canonical":"https:\/\/incontromx.com\/en\/account\/","og_locale":"en_US","og_type":"article","og_title":"Cuenta | Incontro","og_description":"Mi cuenta Dashboard Pedidos Downloads Direcciones Cuenta Cerrar sesi\u00f3n Dashboard Pedidos Downloads Direcciones Cuenta Cerrar sesi\u00f3n Dashboard Pedidos Downloads Direcciones Cuenta Cerrar sesi\u00f3n Dashboard Pedidos Downloads Direcciones Cuenta Cerrar sesi\u00f3n Hola prueba.prueba.incontromx.com (\u00bfno eres prueba.prueba.incontromx.com? Cerrar sesi\u00f3n) Desde el panel de control de tu cuenta puedes ver tus pedidos recientes, gestionar tus direcciones de env\u00edo [&hellip;]","og_url":"https:\/\/incontromx.com\/en\/account\/","og_site_name":"Incontro","article_modified_time":"2023-09-14T16:55:03+00:00","twitter_card":"summary_large_image","twitter_misc":{"Est. reading time":"1 minute"},"schema":{"@context":"https:\/\/schema.org","@graph":[{"@type":"WebPage","@id":"https:\/\/incontromx.com\/cuenta\/","url":"https:\/\/incontromx.com\/cuenta\/","name":"Account | Incontro","isPartOf":{"@id":"https:\/\/incontromx.com\/#website"},"datePublished":"2023-09-13T15:40:32+00:00","dateModified":"2023-09-14T16:55:03+00:00","breadcrumb":{"@id":"https:\/\/incontromx.com\/cuenta\/#breadcrumb"},"inLanguage":"en-US","potentialAction":[{"@type":"ReadAction","target":["https:\/\/incontromx.com\/cuenta\/"]}]},{"@type":"BreadcrumbList","@id":"https:\/\/incontromx.com\/cuenta\/#breadcrumb","itemListElement":[{"@type":"ListItem","position":1,"name":"Inicio","item":"https:\/\/incontromx.com\/"},{"@type":"ListItem","position":2,"name":"Cuenta"}]},{"@type":"WebSite","@id":"https:\/\/incontromx.com\/#website","url":"https:\/\/incontromx.com\/","name":"Incontro","description":"","potentialAction":[{"@type":"SearchAction","target":{"@type":"EntryPoint","urlTemplate":"https:\/\/incontromx.com\/?s={search_term_string}"},"query-input":{"@type":"PropertyValueSpecification","valueRequired":true,"valueName":"search_term_string"}}],"inLanguage":"en-US"}]}},"_links":{"self":[{"href":"https:\/\/incontromx.com\/en\/wp-json\/wp\/v2\/pages\/1386","targetHints":{"allow":["GET"]}}],"collection":[{"href":"https:\/\/incontromx.com\/en\/wp-json\/wp\/v2\/pages"}],"about":[{"href":"https:\/\/incontromx.com\/en\/wp-json\/wp\/v2\/types\/page"}],"author":[{"embeddable":true,"href":"https:\/\/incontromx.com\/en\/wp-json\/wp\/v2\/users\/1"}],"replies":[{"embeddable":true,"href":"https:\/\/incontromx.com\/en\/wp-json\/wp\/v2\/comments?post=1386"}],"version-history":[{"count":55,"href":"https:\/\/incontromx.com\/en\/wp-json\/wp\/v2\/pages\/1386\/revisions"}],"predecessor-version":[{"id":1457,"href":"https:\/\/incontromx.com\/en\/wp-json\/wp\/v2\/pages\/1386\/revisions\/1457"}],"wp:attachment":[{"href":"https:\/\/incontromx.com\/en\/wp-json\/wp\/v2\/media?parent=1386"}],"curies":[{"name":"wp","href":"https:\/\/api.w.org\/{rel}","templated":true}]}}