{"id":56,"date":"2023-07-25T17:13:10","date_gmt":"2023-07-25T17:13:10","guid":{"rendered":"https:\/\/incontromx.com\/?page_id=56"},"modified":"2025-04-10T17:25:17","modified_gmt":"2025-04-10T17:25:17","slug":"contact","status":"publish","type":"page","link":"https:\/\/incontromx.com\/en\/contacto\/","title":{"rendered":"Contact"},"content":{"rendered":"<div data-elementor-type=\"wp-page\" data-elementor-id=\"56\" class=\"elementor elementor-56\" data-elementor-settings=\"{&quot;ha_cmc_init_switcher&quot;:&quot;no&quot;}\" data-elementor-post-type=\"page\">\n\t\t\t\t<section class=\"elementor-element elementor-element-d9a980b e-con-full e-flex e-con e-parent\" data-id=\"d9a980b\" data-element_type=\"container\" data-e-type=\"container\" data-settings=\"{&quot;background_background&quot;:&quot;classic&quot;,&quot;_ha_eqh_enable&quot;:false}\">\n\t\t<div class=\"elementor-element elementor-element-17f7c95 e-con-full e-flex e-con e-child\" data-id=\"17f7c95\" data-element_type=\"container\" data-e-type=\"container\" data-settings=\"{&quot;_ha_eqh_enable&quot;:false}\">\n\t\t<div class=\"elementor-element elementor-element-c1e37d0 e-con-full e-flex e-con e-child\" data-id=\"c1e37d0\" data-element_type=\"container\" data-e-type=\"container\" data-settings=\"{&quot;_ha_eqh_enable&quot;:false}\">\n\t\t\t\t<div class=\"elementor-element elementor-element-0d1fa9c elementor-widget elementor-widget-heading\" data-id=\"0d1fa9c\" data-element_type=\"widget\" data-e-type=\"widget\" data-widget_type=\"heading.default\">\n\t\t\t\t<div class=\"elementor-widget-container\">\n\t\t\t\t\t<h3 class=\"elementor-heading-title elementor-size-default\">Contact us<\/h3>\t\t\t\t<\/div>\n\t\t\t\t<\/div>\n\t\t\t\t<div class=\"elementor-element elementor-element-c719f61 elementor-widget elementor-widget-heading\" data-id=\"c719f61\" data-element_type=\"widget\" data-e-type=\"widget\" data-widget_type=\"heading.default\">\n\t\t\t\t<div class=\"elementor-widget-container\">\n\t\t\t\t\t<p class=\"elementor-heading-title elementor-size-default\">Complete the contact form to ask questions or share your comments.<\/p>\t\t\t\t<\/div>\n\t\t\t\t<\/div>\n\t\t\t\t<div class=\"elementor-element elementor-element-8673ea9 elementor-widget elementor-widget-ha-business-hour happy-addon ha-business-hour happy-addon-pro\" data-id=\"8673ea9\" data-element_type=\"widget\" data-e-type=\"widget\" data-widget_type=\"ha-business-hour.default\">\n\t\t\t\t<div class=\"elementor-widget-container\">\n\t\t\t\t\t\t\t<div class=\"ha-business-hour-wrapper\">\n\t\t\t<ul>\n\t\t\t\t\t\t\t\t\t<li class=\"ha-business-hour-title\">\n\t\t\t\t\t\t<h3>Schedules<\/h3>\t\t\t\t\t<\/li>\n\t\t\t\t\t\t\t\t\t\t\t\t\t\t<li class=\"ha-business-hour-item elementor-repeater-item-aa594f5\">\n\t\t\t\t\t\t\t\t\t\t\t\t\t\t\t<span class=\"ha-business-hour-day\">Lunes a Domingos<\/span>\n\t\t\t\t\t\t\t\t\t\t\t\t\t\t\t\t\t\t\t\t\t\t<span class=\"ha-business-hour-time\">04:00 PM - 01:00 AM<\/span>\n\t\t\t\t\t\t\t\t\t\t\t\t\t<\/li>\n\t\t\t\t\t\t\t\t<\/ul>\n\t\t<\/div>\n\t\t\t\t\t\t<\/div>\n\t\t\t\t<\/div>\n\t\t\t\t<div class=\"elementor-element elementor-element-fef5537 elementor-mobile_extra-align-center elementor-icon-list--layout-traditional elementor-list-item-link-full_width elementor-widget elementor-widget-icon-list\" data-id=\"fef5537\" data-element_type=\"widget\" data-e-type=\"widget\" data-widget_type=\"icon-list.default\">\n\t\t\t\t<div class=\"elementor-widget-container\">\n\t\t\t\t\t\t\t<ul class=\"elementor-icon-list-items\">\n\t\t\t\t\t\t\t<li class=\"elementor-icon-list-item\">\n\t\t\t\t\t\t\t\t\t\t\t<span class=\"elementor-icon-list-icon\">\n\t\t\t\t\t\t\t<i aria-hidden=\"true\" class=\"hm hm-map-pointer2\"><\/i>\t\t\t\t\t\t<\/span>\n\t\t\t\t\t\t\t\t\t\t<span class=\"elementor-icon-list-text\">Av. CTM entre  Av 20Nte y Av\u00a025Nte | Playa del Carmen<\/span>\n\t\t\t\t\t\t\t\t\t<\/li>\n\t\t\t\t\t\t\t\t<li class=\"elementor-icon-list-item\">\n\t\t\t\t\t\t\t\t\t\t\t<a href=\"http:\/\/wa.me\/message\/EZG34OV7S5I5D1\">\n\n\t\t\t\t\t\t\t\t\t\t\t\t<span class=\"elementor-icon-list-icon\">\n\t\t\t\t\t\t\t<i aria-hidden=\"true\" class=\"fab fa-whatsapp\"><\/i>\t\t\t\t\t\t<\/span>\n\t\t\t\t\t\t\t\t\t\t<span class=\"elementor-icon-list-text\">+52 984 314 0706<\/span>\n\t\t\t\t\t\t\t\t\t\t\t<\/a>\n\t\t\t\t\t\t\t\t\t<\/li>\n\t\t\t\t\t\t<\/ul>\n\t\t\t\t\t\t<\/div>\n\t\t\t\t<\/div>\n\t\t\t\t<div class=\"elementor-element elementor-element-687ab62 elementor-shape-circle e-grid-align-left e-grid-align-mobile_extra-center elementor-grid-0 elementor-widget elementor-widget-social-icons\" data-id=\"687ab62\" data-element_type=\"widget\" data-e-type=\"widget\" data-widget_type=\"social-icons.default\">\n\t\t\t\t<div class=\"elementor-widget-container\">\n\t\t\t\t\t\t\t<div class=\"elementor-social-icons-wrapper elementor-grid\">\n\t\t\t\t\t\t\t<span class=\"elementor-grid-item\">\n\t\t\t\t\t<a class=\"elementor-icon elementor-social-icon elementor-social-icon-instagram elementor-repeater-item-252df33\" href=\"https:\/\/www.instagram.com\/incontromx\/\" target=\"_blank\">\n\t\t\t\t\t\t<span class=\"elementor-screen-only\">Instagram<\/span>\n\t\t\t\t\t\t<i aria-hidden=\"true\" class=\"fab fa-instagram\"><\/i>\t\t\t\t\t<\/a>\n\t\t\t\t<\/span>\n\t\t\t\t\t<\/div>\n\t\t\t\t\t\t<\/div>\n\t\t\t\t<\/div>\n\t\t\t\t<\/div>\n\t\t\t\t<\/div>\n\t\t\t\t<\/section>\n\t\t\t\t<\/div>","protected":false},"excerpt":{"rendered":"<p>Cont\u00e1ctanos Completa el formulario de contacto para hacer preguntas o compartir tus comentarios. Horarios Lunes a Domingos 04:00 PM &#8211; 01:00 AM Av. CTM entre Av 20Nte y Av\u00a025Nte | Playa del Carmen +52 984 314 0706 Instagram<\/p>","protected":false},"author":1,"featured_media":0,"parent":0,"menu_order":0,"comment_status":"closed","ping_status":"closed","template":"","meta":{"site-sidebar-layout":"no-sidebar","site-content-layout":"page-builder","ast-site-content-layout":"default","site-content-style":"default","site-sidebar-style":"default","ast-global-header-display":"","ast-banner-title-visibility":"","ast-main-header-display":"","ast-hfb-above-header-display":"","ast-hfb-below-header-display":"","ast-hfb-mobile-header-display":"","site-post-title":"disabled","ast-breadcrumbs-content":"","ast-featured-img":"disabled","footer-sml-layout":"","ast-disable-related-posts":"","theme-transparent-header-meta":"default","adv-header-id-meta":"","stick-header-meta":"","header-above-stick-meta":"","header-main-stick-meta":"","header-below-stick-meta":"","astra-migrate-meta-layouts":"default","ast-page-background-enabled":"default","ast-page-background-meta":{"desktop":{"background-color":"var(--ast-global-color-4)","background-image":"","background-repeat":"repeat","background-position":"center center","background-size":"auto","background-attachment":"scroll","background-type":"","background-media":"","overlay-type":"","overlay-color":"","overlay-opacity":"","overlay-gradient":""},"tablet":{"background-color":"","background-image":"","background-repeat":"repeat","background-position":"center center","background-size":"auto","background-attachment":"scroll","background-type":"","background-media":"","overlay-type":"","overlay-color":"","overlay-opacity":"","overlay-gradient":""},"mobile":{"background-color":"","background-image":"","background-repeat":"repeat","background-position":"center center","background-size":"auto","background-attachment":"scroll","background-type":"","background-media":"","overlay-type":"","overlay-color":"","overlay-opacity":"","overlay-gradient":""}},"ast-content-background-meta":{"desktop":{"background-color":"var(--ast-global-color-5)","background-image":"","background-repeat":"repeat","background-position":"center center","background-size":"auto","background-attachment":"scroll","background-type":"","background-media":"","overlay-type":"","overlay-color":"","overlay-opacity":"","overlay-gradient":""},"tablet":{"background-color":"var(--ast-global-color-5)","background-image":"","background-repeat":"repeat","background-position":"center center","background-size":"auto","background-attachment":"scroll","background-type":"","background-media":"","overlay-type":"","overlay-color":"","overlay-opacity":"","overlay-gradient":""},"mobile":{"background-color":"var(--ast-global-color-5)","background-image":"","background-repeat":"repeat","background-position":"center center","background-size":"auto","background-attachment":"scroll","background-type":"","background-media":"","overlay-type":"","overlay-color":"","overlay-opacity":"","overlay-gradient":""}},"footnotes":""},"class_list":["post-56","page","type-page","status-publish","hentry"],"yoast_head":"<!-- This site is optimized with the Yoast SEO plugin v27.4 - https:\/\/yoast.com\/product\/yoast-seo-wordpress\/ -->\n<title>Contacto | Helados y Productos Argentinos en Playa del Carmen | Incontro<\/title>\n<meta name=\"description\" content=\"\u00bfNecesitas contactarnos? Encuentra aqu\u00ed nuestra informaci\u00f3n de contacto y ubicaci\u00f3n en Playa del Carmen. \u00a1Estamos aqu\u00ed para ayudarte!\" \/>\n<meta name=\"robots\" content=\"index, follow, max-snippet:-1, max-image-preview:large, max-video-preview:-1\" \/>\n<link rel=\"canonical\" href=\"https:\/\/incontromx.com\/en\/contact\/\" \/>\n<meta property=\"og:locale\" content=\"en_US\" \/>\n<meta property=\"og:type\" content=\"article\" \/>\n<meta property=\"og:title\" content=\"Contacto | Helados y Productos Argentinos en Playa del Carmen | Incontro\" \/>\n<meta property=\"og:description\" content=\"\u00bfNecesitas contactarnos? Encuentra aqu\u00ed nuestra informaci\u00f3n de contacto y ubicaci\u00f3n en Playa del Carmen. \u00a1Estamos aqu\u00ed para ayudarte!\" \/>\n<meta property=\"og:url\" content=\"https:\/\/incontromx.com\/en\/contact\/\" \/>\n<meta property=\"og:site_name\" content=\"Incontro\" \/>\n<meta property=\"article:modified_time\" content=\"2025-04-10T17:25:17+00:00\" \/>\n<meta name=\"twitter:card\" content=\"summary_large_image\" \/>\n<meta name=\"twitter:title\" content=\"Contacto | Helados y Productos Argentinos en Playa del Carmen | Incontro\" \/>\n<meta name=\"twitter:description\" content=\"\u00bfNecesitas contactarnos? Encuentra aqu\u00ed nuestra informaci\u00f3n de contacto y ubicaci\u00f3n en Playa del Carmen. \u00a1Estamos aqu\u00ed para ayudarte!\" \/>\n<meta name=\"twitter:label1\" content=\"Est. reading time\" \/>\n\t<meta name=\"twitter:data1\" content=\"1 minute\" \/>\n<script type=\"application\/ld+json\" class=\"yoast-schema-graph\">{\"@context\":\"https:\\\/\\\/schema.org\",\"@graph\":[{\"@type\":\"WebPage\",\"@id\":\"https:\\\/\\\/incontromx.com\\\/contacto\\\/\",\"url\":\"https:\\\/\\\/incontromx.com\\\/contacto\\\/\",\"name\":\"Contacto | Helados y Productos Argentinos en Playa del Carmen | Incontro\",\"isPartOf\":{\"@id\":\"https:\\\/\\\/incontromx.com\\\/#website\"},\"datePublished\":\"2023-07-25T17:13:10+00:00\",\"dateModified\":\"2025-04-10T17:25:17+00:00\",\"description\":\"\u00bfNecesitas contactarnos? Encuentra aqu\u00ed nuestra informaci\u00f3n de contacto y ubicaci\u00f3n en Playa del Carmen. \u00a1Estamos aqu\u00ed para ayudarte!\",\"breadcrumb\":{\"@id\":\"https:\\\/\\\/incontromx.com\\\/contacto\\\/#breadcrumb\"},\"inLanguage\":\"en-US\",\"potentialAction\":[{\"@type\":\"ReadAction\",\"target\":[\"https:\\\/\\\/incontromx.com\\\/contacto\\\/\"]}]},{\"@type\":\"BreadcrumbList\",\"@id\":\"https:\\\/\\\/incontromx.com\\\/contacto\\\/#breadcrumb\",\"itemListElement\":[{\"@type\":\"ListItem\",\"position\":1,\"name\":\"Inicio\",\"item\":\"https:\\\/\\\/incontromx.com\\\/\"},{\"@type\":\"ListItem\",\"position\":2,\"name\":\"Contacto\"}]},{\"@type\":\"WebSite\",\"@id\":\"https:\\\/\\\/incontromx.com\\\/#website\",\"url\":\"https:\\\/\\\/incontromx.com\\\/\",\"name\":\"Incontro\",\"description\":\"\",\"potentialAction\":[{\"@type\":\"SearchAction\",\"target\":{\"@type\":\"EntryPoint\",\"urlTemplate\":\"https:\\\/\\\/incontromx.com\\\/?s={search_term_string}\"},\"query-input\":{\"@type\":\"PropertyValueSpecification\",\"valueRequired\":true,\"valueName\":\"search_term_string\"}}],\"inLanguage\":\"en-US\"}]}<\/script>\n<!-- \/ Yoast SEO plugin. -->","yoast_head_json":{"title":"Contact us | Ice Cream and Argentinean Products in Playa del Carmen | Incontro","description":"Need to contact us? Find here our contact information and location in Playa del Carmen, we are here to help you!","robots":{"index":"index","follow":"follow","max-snippet":"max-snippet:-1","max-image-preview":"max-image-preview:large","max-video-preview":"max-video-preview:-1"},"canonical":"https:\/\/incontromx.com\/en\/contact\/","og_locale":"en_US","og_type":"article","og_title":"Contacto | Helados y Productos Argentinos en Playa del Carmen | Incontro","og_description":"\u00bfNecesitas contactarnos? Encuentra aqu\u00ed nuestra informaci\u00f3n de contacto y ubicaci\u00f3n en Playa del Carmen. \u00a1Estamos aqu\u00ed para ayudarte!","og_url":"https:\/\/incontromx.com\/en\/contact\/","og_site_name":"Incontro","article_modified_time":"2025-04-10T17:25:17+00:00","twitter_card":"summary_large_image","twitter_title":"Contacto | Helados y Productos Argentinos en Playa del Carmen | Incontro","twitter_description":"\u00bfNecesitas contactarnos? Encuentra aqu\u00ed nuestra informaci\u00f3n de contacto y ubicaci\u00f3n en Playa del Carmen. \u00a1Estamos aqu\u00ed para ayudarte!","twitter_misc":{"Est. reading time":"1 minute"},"schema":{"@context":"https:\/\/schema.org","@graph":[{"@type":"WebPage","@id":"https:\/\/incontromx.com\/contacto\/","url":"https:\/\/incontromx.com\/contacto\/","name":"Contact us | Ice Cream and Argentinean Products in Playa del Carmen | Incontro","isPartOf":{"@id":"https:\/\/incontromx.com\/#website"},"datePublished":"2023-07-25T17:13:10+00:00","dateModified":"2025-04-10T17:25:17+00:00","description":"Need to contact us? Find here our contact information and location in Playa del Carmen, we are here to help you!","breadcrumb":{"@id":"https:\/\/incontromx.com\/contacto\/#breadcrumb"},"inLanguage":"en-US","potentialAction":[{"@type":"ReadAction","target":["https:\/\/incontromx.com\/contacto\/"]}]},{"@type":"BreadcrumbList","@id":"https:\/\/incontromx.com\/contacto\/#breadcrumb","itemListElement":[{"@type":"ListItem","position":1,"name":"Inicio","item":"https:\/\/incontromx.com\/"},{"@type":"ListItem","position":2,"name":"Contacto"}]},{"@type":"WebSite","@id":"https:\/\/incontromx.com\/#website","url":"https:\/\/incontromx.com\/","name":"Incontro","description":"","potentialAction":[{"@type":"SearchAction","target":{"@type":"EntryPoint","urlTemplate":"https:\/\/incontromx.com\/?s={search_term_string}"},"query-input":{"@type":"PropertyValueSpecification","valueRequired":true,"valueName":"search_term_string"}}],"inLanguage":"en-US"}]}},"_links":{"self":[{"href":"https:\/\/incontromx.com\/en\/wp-json\/wp\/v2\/pages\/56","targetHints":{"allow":["GET"]}}],"collection":[{"href":"https:\/\/incontromx.com\/en\/wp-json\/wp\/v2\/pages"}],"about":[{"href":"https:\/\/incontromx.com\/en\/wp-json\/wp\/v2\/types\/page"}],"author":[{"embeddable":true,"href":"https:\/\/incontromx.com\/en\/wp-json\/wp\/v2\/users\/1"}],"replies":[{"embeddable":true,"href":"https:\/\/incontromx.com\/en\/wp-json\/wp\/v2\/comments?post=56"}],"version-history":[{"count":80,"href":"https:\/\/incontromx.com\/en\/wp-json\/wp\/v2\/pages\/56\/revisions"}],"predecessor-version":[{"id":3162,"href":"https:\/\/incontromx.com\/en\/wp-json\/wp\/v2\/pages\/56\/revisions\/3162"}],"wp:attachment":[{"href":"https:\/\/incontromx.com\/en\/wp-json\/wp\/v2\/media?parent=56"}],"curies":[{"name":"wp","href":"https:\/\/api.w.org\/{rel}","templated":true}]}}